{"id":5220,"date":"2025-05-28T10:35:21","date_gmt":"2025-05-28T10:35:21","guid":{"rendered":"https:\/\/info.drivenyou.com\/?page_id=5220"},"modified":"2026-04-21T14:38:30","modified_gmt":"2026-04-21T14:38:30","slug":"politica-de-privacidad","status":"publish","type":"page","link":"https:\/\/www.drivenyou.com\/blog\/politica-de-privacidad","title":{"rendered":"Pol\u00edtica de Privacidad"},"content":{"rendered":"\t\t<div data-elementor-type=\"wp-page\" data-elementor-id=\"5220\" class=\"elementor elementor-5220\" data-elementor-post-type=\"page\">\n\t\t\t\t        <section class=\"elementor-section elementor-top-section elementor-element elementor-element-23e4b77 elementor-section-stretched elementor-section-boxed elementor-section-height-default elementor-section-height-default ct-header-fixed-none ct-row-max-none\" data-id=\"23e4b77\" data-element_type=\"section\" data-e-type=\"section\" data-settings=\"{&quot;stretch_section&quot;:&quot;section-stretched&quot;,&quot;background_background&quot;:&quot;classic&quot;}\">\n            \n                        <div class=\"elementor-container elementor-column-gap-extended \">\n                    <div class=\"elementor-column elementor-col-100 elementor-top-column elementor-element elementor-element-78fba3b\" data-id=\"78fba3b\" data-element_type=\"column\" data-e-type=\"column\">\n        <div class=\"elementor-widget-wrap elementor-element-populated\">\n                    \n        \t\t<div class=\"elementor-element elementor-element-7ce5004 elementor-widget elementor-widget-ct_heading\" data-id=\"7ce5004\" data-element_type=\"widget\" data-e-type=\"widget\" data-widget_type=\"ct_heading.default\">\n\t\t\t\t<div class=\"elementor-widget-container\">\n\t\t\t\t\t<div id=\"ct_heading-7ce5004\" class=\"ct-heading h-align-left sub-style1 ct-heading-left item-st-default\">\r\n\t<div class=\"ct-item--inner\">\r\n        <div class=\"ct-inline-css\"  data-css=\"\r\n            \">\r\n        <\/div>\r\n                <h3 class=\"item--title st-default case-animate-time\" data-wow-delay=\"ms\">\r\n                        <span class=\"sp-main\">\r\n                \r\n                Pol\u00edtica Privacidad\r\n                \r\n                            <\/span>\r\n                    <\/h3>\r\n    <\/div>\r\n<\/div>\t\t\t\t<\/div>\n\t\t\t\t<\/div>\n\t\t\t\t<div class=\"elementor-element elementor-element-4ee0edb elementor-widget elementor-widget-text-editor\" data-id=\"4ee0edb\" data-element_type=\"widget\" data-e-type=\"widget\" data-widget_type=\"text-editor.default\">\n\t\t\t\t<div class=\"elementor-widget-container\">\n\t\t\t\t\t\t\t\t\t<p>De conformidad a lo establecido en el<strong>&nbsp;Reglamento (UE) 2016\/679<\/strong>&nbsp;relativo a la protecci\u00f3n de las personas f\u00edsicas en lo que respecta al tratamiento de datos personales y a la libre circulaci\u00f3n de estos datos y a la&nbsp;<strong>Ley Org\u00e1nica 3\/2018<\/strong>, de 5 de diciembre, de protecci\u00f3n de datos personales y garant\u00eda de los derechos digitales, les comunicamos nuestra&nbsp;<strong>pol\u00edtica de protecci\u00f3n de datos y privacidad<\/strong>&nbsp;sobre los datos que Ud. nos aporta:<\/p>\n<h2>\u00bfQui\u00e9n es el&nbsp;<strong>Responsable<\/strong>&nbsp;de tratar los datos personales que Ud. da a&nbsp;<strong>DRIVENYOU<\/strong>?<\/h2>\n<ul>\n<li>&nbsp;Responsable de tratamiento:&nbsp;<b>NEWAYS CONSULTING &amp; TECH, S.L.&nbsp;<\/b>(en adelante DRIVENYOU) CIF: B25946989<\/li>\n<li>Direcci\u00f3n: C\/ Guti\u00e9rrez Herrero, 52 &#8211; 33402 Avil\u00e9s (Asturias).\n<p>Correo electr\u00f3nico: info@drivenyou.com.<\/p>\n<\/li>\n<\/ul>\n<h2>\u00bfCon que&nbsp;<strong>finalidad<\/strong>&nbsp;vamos a utilizar en&nbsp;<strong>DRIVENYOU<\/strong>&nbsp;sus datos?<\/h2>\n<ul>\n<li>Garantizar una correcta gesti\u00f3n de los trabajos que ha contratado.<\/li>\n<li>En el caso de consultas, gestionar su consulta y darle respuesta.<\/li>\n<li>Garantizar una correcta gesti\u00f3n de la compra del producto o servicio que desde&nbsp;<strong>DRIVENYOU&nbsp;<\/strong>contratamos en el caso de proveedores y subcontratistas.<\/li>\n<\/ul>\n<h2>\u00bfCu\u00e1l es la&nbsp;<strong>legitimaci\u00f3n<\/strong>&nbsp;para el tratamiento de tus datos?<\/h2>\n<p><strong>DRIVENYOU<\/strong>&nbsp;le informa que los datos de car\u00e1cter personal que nos facilita por cualquier medio, para realizar consultas o peticiones sobre nuestros productos\/servicios, cuentan con base legal para su tratamiento, por la necesidad de DRIVENYOU de estos datos para poder atender:<\/p>\n<ul>\n<li>las consultas que nos plantea y la prestaci\u00f3n de los servicios solicitados en el caso de clientes<\/li>\n<li>solicitar y recibir los pedidos\/servicios que nos prestan en el caso de proveedores y la gesti\u00f3n de su pago.<\/li>\n<\/ul>\n<p>Entendemos que el tratamiento de estos datos resulta tambi\u00e9n beneficioso para Ud. en tanto que nos permite poder atenderle adecuadamente y resolver las consultas planteadas.<\/p>\n<h2>\u00bfDurante cu\u00e1nto&nbsp;<strong>tiempo<\/strong>&nbsp;conservar\u00e1&nbsp;<strong>DRIVENYOU<\/strong>&nbsp;sus datos?<\/h2>\n<p>Los datos proporcionados se conservar\u00e1n de forma permanente siempre que Ud. no solicite la supresi\u00f3n de los mismos o ejerza alguno de los derechos indicados en el punto 7 de este documento.<\/p>\n<h2>\u00bfSe tiene previsto realizar transferencias internacionales con sus datos?<\/h2>\n<p>No se realizan transferencias de datos internacionales.<\/p>\n<h2>\u00bfA qu\u00e9&nbsp;<strong>destinatarios<\/strong>&nbsp;se comunicar\u00e1n sus datos?<\/h2>\n<p>A los destinatarios pertinentes por obligaci\u00f3n legal (agencia tributaria, SS) y empresas profesionales que presten servicios para&nbsp;<strong>DRIVENYOU<\/strong>&nbsp;como el caso de la asesor\u00eda fiscal y contable, autoescuela e imprenta con las que&nbsp;<strong>DRIVENYOU&nbsp;<\/strong>suscribe Contratos de Encargado de Tratamiento seg\u00fan los t\u00e9rminos del Reglamento (UE) 2016\/679 de 27 de abril de 2016.<\/p>\n<h2>\u00bfCu\u00e1les son sus&nbsp;<strong>derechos<\/strong>&nbsp;cuando facilita sus datos?<\/h2>\n<ul>\n<li>Obtener informaci\u00f3n sobre c\u00f3mo estamos tratando sus datos personales.<\/li>\n<li>Acceder a sus datos personales.<\/li>\n<li>Solicitar la rectificaci\u00f3n de los datos inexactos.<\/li>\n<li>Solicitar la supresi\u00f3n de sus datos, cuando ya no sean necesarios para los fines que fueron recogidos.<\/li>\n<li>En determinadas circunstancias, podr\u00e1 solicitar la limitaci\u00f3n del tratamiento de tus datos, en cuyo caso \u00fanicamente los conservaremos para el ejercicio o la defensa de reclamaciones. &nbsp;<\/li>\n<li>En determinadas circunstancias y por motivos relacionados con su situaci\u00f3n particular, podr\u00e1 oponerte al tratamiento de tus datos.&nbsp;<strong>DRIVENYOU&nbsp;<\/strong>dejar\u00e1 de tratar los datos, salvo por motivos leg\u00edtimos imperiosos, o el ejercicio o la defensa de posibles reclamaciones.<\/li>\n<li>Solicitar la portabilidad de los datos.<\/li>\n<li>Retirar los consentimientos que nos haya facilitado, en cualquier momento, sin que ello afecte a la licitud del tratamiento basado en el consentimiento previo a su retirada. &nbsp;<\/li>\n<li>Reclamar, ante la autoridad de control, los datos referentes a su persona incluidos en nuestros ficheros, o en los de las empresas profesionales que presten servicio para&nbsp;<strong>DRIVENYOU<\/strong>, en los t\u00e9rminos establecidos en el Reglamento General (UE) 2016\/679 de Protecci\u00f3n de Datos.<\/li>\n<\/ul>\n<h2>\u00bfC\u00f3mo puede&nbsp;<strong>ejercer<\/strong>&nbsp;sus derechos?<\/h2>\n<p>Para el ejercicio de sus derechos deber\u00e1 adjuntar una copia de su DNI u otro documento que acredite su identidad, &nbsp;indicando el derecho que quiere ejercer. Puede hacerlo:<\/p>\n<ul>\n<li>Por correo postal a la direcci\u00f3n: C\/ Guti\u00e9rrez Herrero, 52 &#8211; 33402 Avil\u00e9s (Asturias),<\/li>\n<li>A trav\u00e9s de correo electr\u00f3nico a la direcci\u00f3n: info@drivenyou.com.<\/li>\n<\/ul>\n<p>Le informamos que puede dirigirse ante la Agencia Espa\u00f1ola de Protecci\u00f3n de Datos y dem\u00e1s organismos p\u00fablicos competentes para cualquier reclamaci\u00f3n derivada del tratamiento de sus datos personales.<\/p>\n<p>Le recordamos que en caso de que nos proporcione datos relativos a otra persona f\u00edsica deber\u00e1, con car\u00e1cter previo a su inclusi\u00f3n, informarle de los extremos contenidos en la presente cl\u00e1usula.<\/p>\n<h2>\u00bfEst\u00e1n sus datos&nbsp;<strong>seguros<\/strong>&nbsp;en&nbsp;<strong>DRIVENYOU<\/strong>?<\/h2>\n<p><strong>DRIVENYOU &nbsp;<\/strong>se compromete al cumplimiento de su obligaci\u00f3n de secreto de los datos de car\u00e1cter personal y de su deber de conservarlos y custodiarlos a trav\u00e9s de medidas de seguridad, de \u00edndole t\u00e9cnica y organizativa, que garanticen la seguridad de los mismos, eviten su alteraci\u00f3n, p\u00e9rdida, deterioro, tratamiento o accesos no autorizados y los posibles riesgos a los que pudieran estar expuestos seg\u00fan en los t\u00e9rminos establecidos en el Reglamento General de Protecci\u00f3n de Datos (Reglamento (UE) 2016\/679).<\/p>\t\t\t\t\t\t\t\t<\/div>\n\t\t\t\t<\/div>\n\t\t            <\/div>\n        <\/div>\n                    <\/div>\n        <\/section>\n        <div class=\"elementor-element elementor-element-032a814 e-flex e-con-boxed e-con e-parent\" data-id=\"032a814\" data-element_type=\"container\" data-e-type=\"container\">\n\t\t\t\t\t<div class=\"e-con-inner\">\n\t\t\t\t<div class=\"elementor-element elementor-element-1d24118 elementor-widget elementor-widget-image\" data-id=\"1d24118\" data-element_type=\"widget\" data-e-type=\"widget\" data-widget_type=\"image.default\">\n\t\t\t\t<div class=\"elementor-widget-container\">\n\t\t\t\t\t\t\t\t\t\t\t\t\t\t\t<img fetchpriority=\"high\" decoding=\"async\" width=\"1300\" height=\"139\" src=\"https:\/\/www.drivenyou.com\/blog\/wp-content\/uploads\/2025\/05\/logo-kit-color-negro.png\" class=\"attachment-2048x2048 size-2048x2048 wp-image-4867\" alt=\"\" srcset=\"https:\/\/www.drivenyou.com\/blog\/wp-content\/uploads\/2025\/05\/logo-kit-color-negro.png 1300w, https:\/\/www.drivenyou.com\/blog\/wp-content\/uploads\/2025\/05\/logo-kit-color-negro-300x32.png 300w, https:\/\/www.drivenyou.com\/blog\/wp-content\/uploads\/2025\/05\/logo-kit-color-negro-1024x109.png 1024w, https:\/\/www.drivenyou.com\/blog\/wp-content\/uploads\/2025\/05\/logo-kit-color-negro-768x82.png 768w\" sizes=\"(max-width: 1300px) 100vw, 1300px\" \/>\t\t\t\t\t\t\t\t\t\t\t\t\t\t\t<\/div>\n\t\t\t\t<\/div>\n\t\t\t\t\t<\/div>\n\t\t\t\t<\/div>\n\t\t\t\t<\/div>\n\t\t","protected":false},"excerpt":{"rendered":"<p>Pol\u00edtica Privacidad De conformidad a lo establecido en el&nbsp;Reglamento (UE) 2016\/679&nbsp;relativo a la protecci\u00f3n de las personas f\u00edsicas en lo que respecta al tratamiento de datos personales y a la libre circulaci\u00f3n de estos datos y a la&nbsp;Ley Org\u00e1nica 3\/2018, de 5 de diciembre, de protecci\u00f3n de datos personales y garant\u00eda de los derechos digitales, [&hellip;]<\/p>\n","protected":false},"author":1,"featured_media":0,"parent":0,"menu_order":0,"comment_status":"closed","ping_status":"closed","template":"","meta":{"footnotes":""},"class_list":["post-5220","page","type-page","status-publish","hentry"],"yoast_head":"<!-- This site is optimized with the Yoast SEO plugin v27.0 - https:\/\/yoast.com\/product\/yoast-seo-wordpress\/ -->\n<title>Curso online de ADR B\u00e1sico - Prepara desde tu casa el examen<\/title>\n<meta name=\"description\" content=\"Haz los test de ADR b\u00e1sico completamente online. Preguntas actualizadas y revisadas por profesionales del sector.\" \/>\n<meta name=\"robots\" content=\"noindex, follow\" \/>\n<meta property=\"og:locale\" content=\"es_ES\" \/>\n<meta property=\"og:type\" content=\"article\" \/>\n<meta property=\"og:title\" content=\"Curso online de ADR B\u00e1sico - Prepara desde tu casa el examen\" \/>\n<meta property=\"og:description\" content=\"Haz los test de ADR b\u00e1sico completamente online. Preguntas actualizadas y revisadas por profesionales del sector.\" \/>\n<meta property=\"og:url\" content=\"https:\/\/www.drivenyou.com\/blog\/politica-de-privacidad\" \/>\n<meta property=\"og:site_name\" content=\"Driven You\" \/>\n<meta property=\"article:modified_time\" content=\"2026-04-21T14:38:30+00:00\" \/>\n<meta property=\"og:image\" content=\"https:\/\/www.drivenyou.com\/blog\/wp-content\/uploads\/2025\/05\/logo-kit-color-negro.png\" \/>\n\t<meta property=\"og:image:width\" content=\"1300\" \/>\n\t<meta property=\"og:image:height\" content=\"139\" \/>\n\t<meta property=\"og:image:type\" content=\"image\/png\" \/>\n<meta name=\"twitter:card\" content=\"summary_large_image\" \/>\n<meta name=\"twitter:label1\" content=\"Tiempo de lectura\" \/>\n\t<meta name=\"twitter:data1\" content=\"4 minutos\" \/>\n<script type=\"application\/ld+json\" class=\"yoast-schema-graph\">{\"@context\":\"https:\/\/schema.org\",\"@graph\":[{\"@type\":\"WebPage\",\"@id\":\"https:\/\/www.drivenyou.com\/blog\/politica-de-privacidad\",\"url\":\"https:\/\/www.drivenyou.com\/blog\/politica-de-privacidad\",\"name\":\"Curso online de ADR B\u00e1sico - Prepara desde tu casa el examen\",\"isPartOf\":{\"@id\":\"https:\/\/www.drivenyou.com\/blog\/#website\"},\"primaryImageOfPage\":{\"@id\":\"https:\/\/www.drivenyou.com\/blog\/politica-de-privacidad#primaryimage\"},\"image\":{\"@id\":\"https:\/\/www.drivenyou.com\/blog\/politica-de-privacidad#primaryimage\"},\"thumbnailUrl\":\"https:\/\/www.drivenyou.com\/blog\/wp-content\/uploads\/2025\/05\/logo-kit-color-negro.png\",\"datePublished\":\"2025-05-28T10:35:21+00:00\",\"dateModified\":\"2026-04-21T14:38:30+00:00\",\"description\":\"Haz los test de ADR b\u00e1sico completamente online. Preguntas actualizadas y revisadas por profesionales del sector.\",\"breadcrumb\":{\"@id\":\"https:\/\/www.drivenyou.com\/blog\/politica-de-privacidad#breadcrumb\"},\"inLanguage\":\"es\",\"potentialAction\":[{\"@type\":\"ReadAction\",\"target\":[\"https:\/\/www.drivenyou.com\/blog\/politica-de-privacidad\"]}]},{\"@type\":\"ImageObject\",\"inLanguage\":\"es\",\"@id\":\"https:\/\/www.drivenyou.com\/blog\/politica-de-privacidad#primaryimage\",\"url\":\"https:\/\/www.drivenyou.com\/blog\/wp-content\/uploads\/2025\/05\/logo-kit-color-negro.png\",\"contentUrl\":\"https:\/\/www.drivenyou.com\/blog\/wp-content\/uploads\/2025\/05\/logo-kit-color-negro.png\",\"width\":1300,\"height\":139},{\"@type\":\"BreadcrumbList\",\"@id\":\"https:\/\/www.drivenyou.com\/blog\/politica-de-privacidad#breadcrumb\",\"itemListElement\":[{\"@type\":\"ListItem\",\"position\":1,\"name\":\"Portada\",\"item\":\"https:\/\/www.drivenyou.com\/blog\/\"},{\"@type\":\"ListItem\",\"position\":2,\"name\":\"Pol\u00edtica de Privacidad\"}]},{\"@type\":\"WebSite\",\"@id\":\"https:\/\/www.drivenyou.com\/blog\/#website\",\"url\":\"https:\/\/www.drivenyou.com\/blog\/\",\"name\":\"Driven You\",\"description\":\"\",\"potentialAction\":[{\"@type\":\"SearchAction\",\"target\":{\"@type\":\"EntryPoint\",\"urlTemplate\":\"https:\/\/www.drivenyou.com\/blog\/?s={search_term_string}\"},\"query-input\":{\"@type\":\"PropertyValueSpecification\",\"valueRequired\":true,\"valueName\":\"search_term_string\"}}],\"inLanguage\":\"es\"}]}<\/script>\n<!-- \/ Yoast SEO plugin. -->","yoast_head_json":{"title":"Curso online de ADR B\u00e1sico - Prepara desde tu casa el examen","description":"Haz los test de ADR b\u00e1sico completamente online. Preguntas actualizadas y revisadas por profesionales del sector.","robots":{"index":"noindex","follow":"follow"},"og_locale":"es_ES","og_type":"article","og_title":"Curso online de ADR B\u00e1sico - Prepara desde tu casa el examen","og_description":"Haz los test de ADR b\u00e1sico completamente online. Preguntas actualizadas y revisadas por profesionales del sector.","og_url":"https:\/\/www.drivenyou.com\/blog\/politica-de-privacidad","og_site_name":"Driven You","article_modified_time":"2026-04-21T14:38:30+00:00","og_image":[{"width":1300,"height":139,"url":"https:\/\/www.drivenyou.com\/blog\/wp-content\/uploads\/2025\/05\/logo-kit-color-negro.png","type":"image\/png"}],"twitter_card":"summary_large_image","twitter_misc":{"Tiempo de lectura":"4 minutos"},"schema":{"@context":"https:\/\/schema.org","@graph":[{"@type":"WebPage","@id":"https:\/\/www.drivenyou.com\/blog\/politica-de-privacidad","url":"https:\/\/www.drivenyou.com\/blog\/politica-de-privacidad","name":"Curso online de ADR B\u00e1sico - Prepara desde tu casa el examen","isPartOf":{"@id":"https:\/\/www.drivenyou.com\/blog\/#website"},"primaryImageOfPage":{"@id":"https:\/\/www.drivenyou.com\/blog\/politica-de-privacidad#primaryimage"},"image":{"@id":"https:\/\/www.drivenyou.com\/blog\/politica-de-privacidad#primaryimage"},"thumbnailUrl":"https:\/\/www.drivenyou.com\/blog\/wp-content\/uploads\/2025\/05\/logo-kit-color-negro.png","datePublished":"2025-05-28T10:35:21+00:00","dateModified":"2026-04-21T14:38:30+00:00","description":"Haz los test de ADR b\u00e1sico completamente online. Preguntas actualizadas y revisadas por profesionales del sector.","breadcrumb":{"@id":"https:\/\/www.drivenyou.com\/blog\/politica-de-privacidad#breadcrumb"},"inLanguage":"es","potentialAction":[{"@type":"ReadAction","target":["https:\/\/www.drivenyou.com\/blog\/politica-de-privacidad"]}]},{"@type":"ImageObject","inLanguage":"es","@id":"https:\/\/www.drivenyou.com\/blog\/politica-de-privacidad#primaryimage","url":"https:\/\/www.drivenyou.com\/blog\/wp-content\/uploads\/2025\/05\/logo-kit-color-negro.png","contentUrl":"https:\/\/www.drivenyou.com\/blog\/wp-content\/uploads\/2025\/05\/logo-kit-color-negro.png","width":1300,"height":139},{"@type":"BreadcrumbList","@id":"https:\/\/www.drivenyou.com\/blog\/politica-de-privacidad#breadcrumb","itemListElement":[{"@type":"ListItem","position":1,"name":"Portada","item":"https:\/\/www.drivenyou.com\/blog\/"},{"@type":"ListItem","position":2,"name":"Pol\u00edtica de Privacidad"}]},{"@type":"WebSite","@id":"https:\/\/www.drivenyou.com\/blog\/#website","url":"https:\/\/www.drivenyou.com\/blog\/","name":"Driven You","description":"","potentialAction":[{"@type":"SearchAction","target":{"@type":"EntryPoint","urlTemplate":"https:\/\/www.drivenyou.com\/blog\/?s={search_term_string}"},"query-input":{"@type":"PropertyValueSpecification","valueRequired":true,"valueName":"search_term_string"}}],"inLanguage":"es"}]}},"_links":{"self":[{"href":"https:\/\/www.drivenyou.com\/blog\/wp-json\/wp\/v2\/pages\/5220","targetHints":{"allow":["GET"]}}],"collection":[{"href":"https:\/\/www.drivenyou.com\/blog\/wp-json\/wp\/v2\/pages"}],"about":[{"href":"https:\/\/www.drivenyou.com\/blog\/wp-json\/wp\/v2\/types\/page"}],"author":[{"embeddable":true,"href":"https:\/\/www.drivenyou.com\/blog\/wp-json\/wp\/v2\/users\/1"}],"replies":[{"embeddable":true,"href":"https:\/\/www.drivenyou.com\/blog\/wp-json\/wp\/v2\/comments?post=5220"}],"version-history":[{"count":4,"href":"https:\/\/www.drivenyou.com\/blog\/wp-json\/wp\/v2\/pages\/5220\/revisions"}],"predecessor-version":[{"id":5699,"href":"https:\/\/www.drivenyou.com\/blog\/wp-json\/wp\/v2\/pages\/5220\/revisions\/5699"}],"wp:attachment":[{"href":"https:\/\/www.drivenyou.com\/blog\/wp-json\/wp\/v2\/media?parent=5220"}],"curies":[{"name":"wp","href":"https:\/\/api.w.org\/{rel}","templated":true}]}}